{"id":7415,"date":"2026-03-28T00:14:47","date_gmt":"2026-03-28T05:14:47","guid":{"rendered":"https:\/\/enit.pe\/?page_id=7415"},"modified":"2026-03-28T09:03:39","modified_gmt":"2026-03-28T14:03:39","slug":"politicas-de-calidad","status":"publish","type":"page","link":"https:\/\/enit.pe\/index.php\/politicas-de-calidad\/","title":{"rendered":"POL\u00cdTICAS DE CALIDAD"},"content":{"rendered":"\t\t<div data-elementor-type=\"wp-page\" data-elementor-id=\"7415\" class=\"elementor elementor-7415\" data-elementor-post-type=\"page\">\n\t\t\t\t<div class=\"elementor-element elementor-element-ceb129f e-con-full e-flex e-con e-parent\" data-id=\"ceb129f\" data-element_type=\"container\" data-e-type=\"container\" data-settings=\"{&quot;background_background&quot;:&quot;classic&quot;}\">\n\t\t<div class=\"elementor-element elementor-element-0f065ef e-flex e-con-boxed e-con e-child\" data-id=\"0f065ef\" data-element_type=\"container\" data-e-type=\"container\">\n\t\t\t\t\t<div class=\"e-con-inner\">\n\t\t\t\t<div class=\"elementor-element elementor-element-7954a67 elementor-widget elementor-widget-elementskit-heading\" data-id=\"7954a67\" data-element_type=\"widget\" data-e-type=\"widget\" data-widget_type=\"elementskit-heading.default\">\n\t\t\t\t\t<div class=\"ekit-wid-con\" ><div class=\"ekit-heading elementskit-section-title-wraper text_left   ekit_heading_tablet-   ekit_heading_mobile-text_left\"><h2 class=\"ekit-heading--title elementskit-section-title \">POL\u00cdTICAS <br>DE CALIDAD<\/h2><\/div><\/div>\t\t\t\t<\/div>\n\t\t\t\t\t<\/div>\n\t\t\t\t<\/div>\n\t\t\t\t<\/div>\n\t\t<div class=\"elementor-element elementor-element-6bd36ef e-flex e-con-boxed e-con e-parent\" data-id=\"6bd36ef\" data-element_type=\"container\" data-e-type=\"container\">\n\t\t\t\t\t<div class=\"e-con-inner\">\n\t\t\t\t<div class=\"elementor-element elementor-element-f7c7a20 elementor-widget elementor-widget-text-editor\" data-id=\"f7c7a20\" data-element_type=\"widget\" data-e-type=\"widget\" data-widget_type=\"text-editor.default\">\n\t\t\t\t\t\t\t\t\t<div>Somos <strong>ESCUELA DE NEGOCIOS E INNOVACI\u00d3N TECNOL\u00d3GICA S.A.C &#8211; ENIT,<\/strong> es una empresa dedicada a la informaci\u00f3n y capacitaci\u00f3n en negocios e innovaci\u00f3n tecnol\u00f3gica, con presencia a nivel nacional y orientada al desarrollo de competencias profesionales. Somos conscientes de la importancia de la calidad en nuestros procesos y del impacto de nuestros servicios en la satisfacci\u00f3n de nuestros clientes y partes interesadas; por ello, brindamos servicios de capacitaci\u00f3n bajo altos est\u00e1ndares de calidad, cumpliendo los requisitos aplicables y promoviendo la mejora continua de nuestro Sistema de Gesti\u00f3n de la Calidad. En ese sentido, nos comprometemos a:<\/div>\n<div>&nbsp;<\/div>\n<div>1. Nos enfocamos en la satisfacci\u00f3n del cliente desde la comprensi\u00f3n de sus necesidades y el cumplimiento de sus requisitos establecidos.<\/div>\n<div>&nbsp;<\/div>\n<div>2. Establecer objetivos y metas para el cumplimiento de los compromisos establecidos en la presente pol\u00edtica y que conlleven a la mejora continua, disponiendo de los recursos necesarios para el cumplimiento de estos compromisos del Sistema de Gesti\u00f3n de Calidad.<\/div>\n<div>&nbsp;<\/div>\n<div>3. Cumplimiento de los requisitos legales y otros requisitos aplicables a nuestras actividades en materia de Calidad. 4. Establecer lineamientos orientados a lograr la mejora continua del desempe\u00f1o del sistema de gesti\u00f3n de Calidad.<\/div>\n<div>&nbsp;<\/div>\n<div>5. Proteger a nuestros colaboradores, proveedores, contratistas o visitantes proporcionando condiciones seguras y saludables para la prevenci\u00f3n de lesiones y deterioro de la salud relacionada con el trabajo, seg\u00fan los peligros y riesgos identificados.<\/div>\n<div>&nbsp;<\/div>\n<div>6. Promover y motivar la consulta y participaci\u00f3n de nuestros colaboradores y de sus representantes para el cumplimiento de lo establecido en el Sistema de Gesti\u00f3n de Calidad, con \u00e9nfasis en el reporte de inquietudes de buena fe o sobre la base de una creencia razonable en confianza y sin temor a represalias.<\/div>\n<div>&nbsp;<\/div>\n<div>\n<p>7. Ejecutar programas de formaci\u00f3n elaborados para la toma de conciencia del personal respecto a la importancia de la calidad del servicio brindado.<\/p>\n<p>Somos conscientes del impacto negativo que produce en la desconfianza de nuestros clientes y por credibilidad en nuestra organizaci\u00f3n el no cumplir con nuestra pol\u00edtica del sistema de gesti\u00f3n de calidad. Por ello la Gerencia General pone a disposici\u00f3n la presente pol\u00edtica a todas sus partes interesadas.&nbsp;<\/p><p><b>Lima, 09 enero de 2026<\/b><\/p>\n<\/div>\t\t\t\t\t\t\t\t<\/div>\n\t\t\t\t\t<\/div>\n\t\t\t\t<\/div>\n\t\t\t\t<\/div>\n\t\t","protected":false},"excerpt":{"rendered":"<p>POL\u00cdTICAS DE CALIDAD Somos ESCUELA DE NEGOCIOS E INNOVACI\u00d3N TECNOL\u00d3GICA S.A.C &#8211; ENIT, es una empresa dedicada a la informaci\u00f3n [&hellip;]<\/p>\n","protected":false},"author":2,"featured_media":0,"parent":0,"menu_order":0,"comment_status":"closed","ping_status":"closed","template":"","meta":{"site-sidebar-layout":"no-sidebar","site-content-layout":"","ast-site-content-layout":"full-width-container","site-content-style":"default","site-sidebar-style":"default","ast-global-header-display":"","ast-banner-title-visibility":"","ast-main-header-display":"","ast-hfb-above-header-display":"","ast-hfb-below-header-display":"","ast-hfb-mobile-header-display":"","site-post-title":"disabled","ast-breadcrumbs-content":"","ast-featured-img":"disabled","footer-sml-layout":"","ast-disable-related-posts":"","theme-transparent-header-meta":"","adv-header-id-meta":"","stick-header-meta":"","header-above-stick-meta":"","header-main-stick-meta":"","header-below-stick-meta":"","astra-migrate-meta-layouts":"default","ast-page-background-enabled":"default","ast-page-background-meta":{"desktop":{"background-color":"var(--ast-global-color-5)","background-image":"","background-repeat":"repeat","background-position":"center center","background-size":"auto","background-attachment":"scroll","background-type":"","background-media":"","overlay-type":"","overlay-color":"","overlay-opacity":"","overlay-gradient":""},"tablet":{"background-color":"","background-image":"","background-repeat":"repeat","background-position":"center center","background-size":"auto","background-attachment":"scroll","background-type":"","background-media":"","overlay-type":"","overlay-color":"","overlay-opacity":"","overlay-gradient":""},"mobile":{"background-color":"","background-image":"","background-repeat":"repeat","background-position":"center center","background-size":"auto","background-attachment":"scroll","background-type":"","background-media":"","overlay-type":"","overlay-color":"","overlay-opacity":"","overlay-gradient":""}},"ast-content-background-meta":{"desktop":{"background-color":"var(--ast-global-color-4)","background-image":"","background-repeat":"repeat","background-position":"center center","background-size":"auto","background-attachment":"scroll","background-type":"","background-media":"","overlay-type":"","overlay-color":"","overlay-opacity":"","overlay-gradient":""},"tablet":{"background-color":"var(--ast-global-color-4)","background-image":"","background-repeat":"repeat","background-position":"center center","background-size":"auto","background-attachment":"scroll","background-type":"","background-media":"","overlay-type":"","overlay-color":"","overlay-opacity":"","overlay-gradient":""},"mobile":{"background-color":"var(--ast-global-color-4)","background-image":"","background-repeat":"repeat","background-position":"center center","background-size":"auto","background-attachment":"scroll","background-type":"","background-media":"","overlay-type":"","overlay-color":"","overlay-opacity":"","overlay-gradient":""}},"footnotes":""},"class_list":["post-7415","page","type-page","status-publish","hentry"],"yoast_head":"<!-- This site is optimized with the Yoast SEO plugin v27.2 - https:\/\/yoast.com\/product\/yoast-seo-wordpress\/ -->\n<title>POL\u00cdTICAS DE CALIDAD - ENIT<\/title>\n<meta name=\"robots\" content=\"index, follow, max-snippet:-1, max-image-preview:large, max-video-preview:-1\" \/>\n<link rel=\"canonical\" href=\"https:\/\/enit.pe\/index.php\/politicas-de-calidad\/\" \/>\n<meta property=\"og:locale\" content=\"es_ES\" \/>\n<meta property=\"og:type\" content=\"article\" \/>\n<meta property=\"og:title\" content=\"POL\u00cdTICAS DE CALIDAD - ENIT\" \/>\n<meta property=\"og:description\" content=\"POL\u00cdTICAS DE CALIDAD Somos ESCUELA DE NEGOCIOS E INNOVACI\u00d3N TECNOL\u00d3GICA S.A.C &#8211; ENIT, es una empresa dedicada a la informaci\u00f3n [&hellip;]\" \/>\n<meta property=\"og:url\" content=\"https:\/\/enit.pe\/index.php\/politicas-de-calidad\/\" \/>\n<meta property=\"og:site_name\" content=\"ENIT\" \/>\n<meta property=\"article:modified_time\" content=\"2026-03-28T14:03:39+00:00\" \/>\n<meta name=\"twitter:card\" content=\"summary_large_image\" \/>\n<meta name=\"twitter:label1\" content=\"Est. reading time\" \/>\n\t<meta name=\"twitter:data1\" content=\"2 minutos\" \/>\n<script type=\"application\/ld+json\" class=\"yoast-schema-graph\">{\"@context\":\"https:\/\/schema.org\",\"@graph\":[{\"@type\":\"WebPage\",\"@id\":\"https:\/\/enit.pe\/index.php\/politicas-de-calidad\/\",\"url\":\"https:\/\/enit.pe\/index.php\/politicas-de-calidad\/\",\"name\":\"POL\u00cdTICAS DE CALIDAD - ENIT\",\"isPartOf\":{\"@id\":\"https:\/\/enit.pe\/#website\"},\"datePublished\":\"2026-03-28T05:14:47+00:00\",\"dateModified\":\"2026-03-28T14:03:39+00:00\",\"breadcrumb\":{\"@id\":\"https:\/\/enit.pe\/index.php\/politicas-de-calidad\/#breadcrumb\"},\"inLanguage\":\"es-PE\",\"potentialAction\":[{\"@type\":\"ReadAction\",\"target\":[\"https:\/\/enit.pe\/index.php\/politicas-de-calidad\/\"]}]},{\"@type\":\"BreadcrumbList\",\"@id\":\"https:\/\/enit.pe\/index.php\/politicas-de-calidad\/#breadcrumb\",\"itemListElement\":[{\"@type\":\"ListItem\",\"position\":1,\"name\":\"Portada\",\"item\":\"https:\/\/enit.pe\/\"},{\"@type\":\"ListItem\",\"position\":2,\"name\":\"POL\u00cdTICAS DE CALIDAD\"}]},{\"@type\":\"WebSite\",\"@id\":\"https:\/\/enit.pe\/#website\",\"url\":\"https:\/\/enit.pe\/\",\"name\":\"ENIT\",\"description\":\"Escuela de Negocios e Innovaci\u00f3n Tecnol\u00f3gica\",\"publisher\":{\"@id\":\"https:\/\/enit.pe\/#organization\"},\"potentialAction\":[{\"@type\":\"SearchAction\",\"target\":{\"@type\":\"EntryPoint\",\"urlTemplate\":\"https:\/\/enit.pe\/?s={search_term_string}\"},\"query-input\":{\"@type\":\"PropertyValueSpecification\",\"valueRequired\":true,\"valueName\":\"search_term_string\"}}],\"inLanguage\":\"es-PE\"},{\"@type\":\"Organization\",\"@id\":\"https:\/\/enit.pe\/#organization\",\"name\":\"ENIT\",\"url\":\"https:\/\/enit.pe\/\",\"logo\":{\"@type\":\"ImageObject\",\"inLanguage\":\"es-PE\",\"@id\":\"https:\/\/enit.pe\/#\/schema\/logo\/image\/\",\"url\":\"https:\/\/enit.pe\/wp-content\/uploads\/2026\/01\/LOGO.png\",\"contentUrl\":\"https:\/\/enit.pe\/wp-content\/uploads\/2026\/01\/LOGO.png\",\"width\":1323,\"height\":543,\"caption\":\"ENIT\"},\"image\":{\"@id\":\"https:\/\/enit.pe\/#\/schema\/logo\/image\/\"}}]}<\/script>\n<!-- \/ Yoast SEO plugin. -->","yoast_head_json":{"title":"POL\u00cdTICAS DE CALIDAD - ENIT","robots":{"index":"index","follow":"follow","max-snippet":"max-snippet:-1","max-image-preview":"max-image-preview:large","max-video-preview":"max-video-preview:-1"},"canonical":"https:\/\/enit.pe\/index.php\/politicas-de-calidad\/","og_locale":"es_ES","og_type":"article","og_title":"POL\u00cdTICAS DE CALIDAD - ENIT","og_description":"POL\u00cdTICAS DE CALIDAD Somos ESCUELA DE NEGOCIOS E INNOVACI\u00d3N TECNOL\u00d3GICA S.A.C &#8211; ENIT, es una empresa dedicada a la informaci\u00f3n [&hellip;]","og_url":"https:\/\/enit.pe\/index.php\/politicas-de-calidad\/","og_site_name":"ENIT","article_modified_time":"2026-03-28T14:03:39+00:00","twitter_card":"summary_large_image","twitter_misc":{"Est. reading time":"2 minutos"},"schema":{"@context":"https:\/\/schema.org","@graph":[{"@type":"WebPage","@id":"https:\/\/enit.pe\/index.php\/politicas-de-calidad\/","url":"https:\/\/enit.pe\/index.php\/politicas-de-calidad\/","name":"POL\u00cdTICAS DE CALIDAD - ENIT","isPartOf":{"@id":"https:\/\/enit.pe\/#website"},"datePublished":"2026-03-28T05:14:47+00:00","dateModified":"2026-03-28T14:03:39+00:00","breadcrumb":{"@id":"https:\/\/enit.pe\/index.php\/politicas-de-calidad\/#breadcrumb"},"inLanguage":"es-PE","potentialAction":[{"@type":"ReadAction","target":["https:\/\/enit.pe\/index.php\/politicas-de-calidad\/"]}]},{"@type":"BreadcrumbList","@id":"https:\/\/enit.pe\/index.php\/politicas-de-calidad\/#breadcrumb","itemListElement":[{"@type":"ListItem","position":1,"name":"Portada","item":"https:\/\/enit.pe\/"},{"@type":"ListItem","position":2,"name":"POL\u00cdTICAS DE CALIDAD"}]},{"@type":"WebSite","@id":"https:\/\/enit.pe\/#website","url":"https:\/\/enit.pe\/","name":"ENIT","description":"Escuela de Negocios e Innovaci\u00f3n Tecnol\u00f3gica","publisher":{"@id":"https:\/\/enit.pe\/#organization"},"potentialAction":[{"@type":"SearchAction","target":{"@type":"EntryPoint","urlTemplate":"https:\/\/enit.pe\/?s={search_term_string}"},"query-input":{"@type":"PropertyValueSpecification","valueRequired":true,"valueName":"search_term_string"}}],"inLanguage":"es-PE"},{"@type":"Organization","@id":"https:\/\/enit.pe\/#organization","name":"ENIT","url":"https:\/\/enit.pe\/","logo":{"@type":"ImageObject","inLanguage":"es-PE","@id":"https:\/\/enit.pe\/#\/schema\/logo\/image\/","url":"https:\/\/enit.pe\/wp-content\/uploads\/2026\/01\/LOGO.png","contentUrl":"https:\/\/enit.pe\/wp-content\/uploads\/2026\/01\/LOGO.png","width":1323,"height":543,"caption":"ENIT"},"image":{"@id":"https:\/\/enit.pe\/#\/schema\/logo\/image\/"}}]}},"_links":{"self":[{"href":"https:\/\/enit.pe\/index.php\/wp-json\/wp\/v2\/pages\/7415","targetHints":{"allow":["GET"]}}],"collection":[{"href":"https:\/\/enit.pe\/index.php\/wp-json\/wp\/v2\/pages"}],"about":[{"href":"https:\/\/enit.pe\/index.php\/wp-json\/wp\/v2\/types\/page"}],"author":[{"embeddable":true,"href":"https:\/\/enit.pe\/index.php\/wp-json\/wp\/v2\/users\/2"}],"replies":[{"embeddable":true,"href":"https:\/\/enit.pe\/index.php\/wp-json\/wp\/v2\/comments?post=7415"}],"version-history":[{"count":89,"href":"https:\/\/enit.pe\/index.php\/wp-json\/wp\/v2\/pages\/7415\/revisions"}],"predecessor-version":[{"id":7705,"href":"https:\/\/enit.pe\/index.php\/wp-json\/wp\/v2\/pages\/7415\/revisions\/7705"}],"wp:attachment":[{"href":"https:\/\/enit.pe\/index.php\/wp-json\/wp\/v2\/media?parent=7415"}],"curies":[{"name":"wp","href":"https:\/\/api.w.org\/{rel}","templated":true}]}}